{"id":919,"date":"2024-03-22T19:29:41","date_gmt":"2024-03-22T19:29:41","guid":{"rendered":"https:\/\/wdc2024.org\/es\/?page_id=919"},"modified":"2024-08-01T08:58:20","modified_gmt":"2024-08-01T08:58:20","slug":"press","status":"publish","type":"page","link":"https:\/\/wdc2024.org\/es\/press\/","title":{"rendered":"Prensa"},"content":{"rendered":"","protected":false},"excerpt":{"rendered":"","protected":false},"author":11,"featured_media":0,"parent":0,"menu_order":0,"comment_status":"closed","ping_status":"closed","template":"","meta":{"inline_featured_image":false,"footnotes":""},"class_list":["post-919","page","type-page","status-publish","hentry","template-default","brick-hero-dark","brick-press"],"acf":[],"yoast_head":"<!-- This site is optimized with the Yoast SEO Premium plugin v22.1 (Yoast SEO v22.1) - https:\/\/yoast.com\/wordpress\/plugins\/seo\/ -->\n<title>Prensa - WDC2024 ES<\/title>\n<meta name=\"description\" content=\"Ent\u00e9rate de lo \u00faltimo sobre las noticias, la prensa, las caracter\u00edsticas y los aspectos m\u00e1s destacados de la WDC 2024. Obtenga m\u00e1s informaci\u00f3n y con\u00e9ctese con la comunidad WDC 2024.\" \/>\n<meta name=\"robots\" content=\"index, follow, max-snippet:-1, max-image-preview:large, max-video-preview:-1\" \/>\n<link rel=\"canonical\" href=\"https:\/\/wdc2024.org\/es\/press\/\" \/>\n<meta property=\"og:locale\" content=\"es_MX\" \/>\n<meta property=\"og:type\" content=\"article\" \/>\n<meta property=\"og:title\" content=\"Prensa - WDC2024 ES\" \/>\n<meta property=\"og:description\" content=\"Ent\u00e9rate de lo \u00faltimo sobre las noticias, la prensa, las caracter\u00edsticas y los aspectos m\u00e1s destacados de la WDC 2024. Obtenga m\u00e1s informaci\u00f3n y con\u00e9ctese con la comunidad WDC 2024.\" \/>\n<meta property=\"og:url\" content=\"https:\/\/wdc2024.org\/es\/press\/\" \/>\n<meta property=\"og:site_name\" content=\"WDC2024 ES\" \/>\n<meta property=\"article:modified_time\" content=\"2024-08-01T08:58:20+00:00\" \/>\n<meta property=\"og:image\" content=\"https:\/\/wdc2024.org\/es\/wp-content\/uploads\/sites\/2\/2024\/03\/KatieGardnerPhoto-160.jpg\" \/>\n\t<meta property=\"og:image:width\" content=\"2048\" \/>\n\t<meta property=\"og:image:height\" content=\"1366\" \/>\n\t<meta property=\"og:image:type\" content=\"image\/jpeg\" \/>\n<meta name=\"twitter:card\" content=\"summary_large_image\" \/>\n<meta name=\"twitter:title\" content=\"Prensa - WDC2024 ES\" \/>\n<meta name=\"twitter:description\" content=\"Ent\u00e9rate de lo \u00faltimo sobre las noticias, la prensa, las caracter\u00edsticas y los aspectos m\u00e1s destacados de la WDC 2024. Obtenga m\u00e1s informaci\u00f3n y con\u00e9ctese con la comunidad WDC 2024.\" \/>\n<script type=\"application\/ld+json\" class=\"yoast-schema-graph\">{\"@context\":\"https:\/\/schema.org\",\"@graph\":[{\"@type\":\"WebPage\",\"@id\":\"https:\/\/wdc2024.org\/es\/press\/\",\"url\":\"https:\/\/wdc2024.org\/es\/press\/\",\"name\":\"Prensa - WDC2024 ES\",\"isPartOf\":{\"@id\":\"https:\/\/wdc2024.org\/es\/#website\"},\"datePublished\":\"2024-03-22T19:29:41+00:00\",\"dateModified\":\"2024-08-01T08:58:20+00:00\",\"description\":\"Ent\u00e9rate de lo \u00faltimo sobre las noticias, la prensa, las caracter\u00edsticas y los aspectos m\u00e1s destacados de la WDC 2024. Obtenga m\u00e1s informaci\u00f3n y con\u00e9ctese con la comunidad WDC 2024.\",\"breadcrumb\":{\"@id\":\"https:\/\/wdc2024.org\/es\/press\/#breadcrumb\"},\"inLanguage\":\"es-MX\",\"potentialAction\":[{\"@type\":\"ReadAction\",\"target\":[\"https:\/\/wdc2024.org\/es\/press\/\"]}]},{\"@type\":\"BreadcrumbList\",\"@id\":\"https:\/\/wdc2024.org\/es\/press\/#breadcrumb\",\"itemListElement\":[{\"@type\":\"ListItem\",\"position\":1,\"name\":\"Home\",\"item\":\"https:\/\/wdc2024.org\/es\/\"},{\"@type\":\"ListItem\",\"position\":2,\"name\":\"Prensa\"}]},{\"@type\":\"WebSite\",\"@id\":\"https:\/\/wdc2024.org\/es\/#website\",\"url\":\"https:\/\/wdc2024.org\/es\/\",\"name\":\"WDC2024 ES\",\"description\":\"Your SUPER-powered WP Engine Site\",\"potentialAction\":[{\"@type\":\"SearchAction\",\"target\":{\"@type\":\"EntryPoint\",\"urlTemplate\":\"https:\/\/wdc2024.org\/es\/?s={search_term_string}\"},\"query-input\":\"required name=search_term_string\"}],\"inLanguage\":\"es-MX\"}]}<\/script>\n<!-- \/ Yoast SEO Premium plugin. -->","yoast_head_json":{"title":"Prensa - WDC2024 ES","description":"Ent\u00e9rate de lo \u00faltimo sobre las noticias, la prensa, las caracter\u00edsticas y los aspectos m\u00e1s destacados de la WDC 2024. Obtenga m\u00e1s informaci\u00f3n y con\u00e9ctese con la comunidad WDC 2024.","robots":{"index":"index","follow":"follow","max-snippet":"max-snippet:-1","max-image-preview":"max-image-preview:large","max-video-preview":"max-video-preview:-1"},"canonical":"https:\/\/wdc2024.org\/es\/press\/","og_locale":"es_MX","og_type":"article","og_title":"Prensa - WDC2024 ES","og_description":"Ent\u00e9rate de lo \u00faltimo sobre las noticias, la prensa, las caracter\u00edsticas y los aspectos m\u00e1s destacados de la WDC 2024. Obtenga m\u00e1s informaci\u00f3n y con\u00e9ctese con la comunidad WDC 2024.","og_url":"https:\/\/wdc2024.org\/es\/press\/","og_site_name":"WDC2024 ES","article_modified_time":"2024-08-01T08:58:20+00:00","og_image":[{"width":2048,"height":1366,"url":"https:\/\/wdc2024.org\/es\/wp-content\/uploads\/sites\/2\/2024\/03\/KatieGardnerPhoto-160.jpg","type":"image\/jpeg"}],"twitter_card":"summary_large_image","twitter_title":"Prensa - WDC2024 ES","twitter_description":"Ent\u00e9rate de lo \u00faltimo sobre las noticias, la prensa, las caracter\u00edsticas y los aspectos m\u00e1s destacados de la WDC 2024. Obtenga m\u00e1s informaci\u00f3n y con\u00e9ctese con la comunidad WDC 2024.","schema":{"@context":"https:\/\/schema.org","@graph":[{"@type":"WebPage","@id":"https:\/\/wdc2024.org\/es\/press\/","url":"https:\/\/wdc2024.org\/es\/press\/","name":"Prensa - WDC2024 ES","isPartOf":{"@id":"https:\/\/wdc2024.org\/es\/#website"},"datePublished":"2024-03-22T19:29:41+00:00","dateModified":"2024-08-01T08:58:20+00:00","description":"Ent\u00e9rate de lo \u00faltimo sobre las noticias, la prensa, las caracter\u00edsticas y los aspectos m\u00e1s destacados de la WDC 2024. Obtenga m\u00e1s informaci\u00f3n y con\u00e9ctese con la comunidad WDC 2024.","breadcrumb":{"@id":"https:\/\/wdc2024.org\/es\/press\/#breadcrumb"},"inLanguage":"es-MX","potentialAction":[{"@type":"ReadAction","target":["https:\/\/wdc2024.org\/es\/press\/"]}]},{"@type":"BreadcrumbList","@id":"https:\/\/wdc2024.org\/es\/press\/#breadcrumb","itemListElement":[{"@type":"ListItem","position":1,"name":"Home","item":"https:\/\/wdc2024.org\/es\/"},{"@type":"ListItem","position":2,"name":"Prensa"}]},{"@type":"WebSite","@id":"https:\/\/wdc2024.org\/es\/#website","url":"https:\/\/wdc2024.org\/es\/","name":"WDC2024 ES","description":"Your SUPER-powered WP Engine Site","potentialAction":[{"@type":"SearchAction","target":{"@type":"EntryPoint","urlTemplate":"https:\/\/wdc2024.org\/es\/?s={search_term_string}"},"query-input":"required name=search_term_string"}],"inLanguage":"es-MX"}]}},"_links":{"self":[{"href":"https:\/\/wdc2024.org\/es\/wp-json\/wp\/v2\/pages\/919"}],"collection":[{"href":"https:\/\/wdc2024.org\/es\/wp-json\/wp\/v2\/pages"}],"about":[{"href":"https:\/\/wdc2024.org\/es\/wp-json\/wp\/v2\/types\/page"}],"author":[{"embeddable":true,"href":"https:\/\/wdc2024.org\/es\/wp-json\/wp\/v2\/users\/11"}],"replies":[{"embeddable":true,"href":"https:\/\/wdc2024.org\/es\/wp-json\/wp\/v2\/comments?post=919"}],"version-history":[{"count":0,"href":"https:\/\/wdc2024.org\/es\/wp-json\/wp\/v2\/pages\/919\/revisions"}],"wp:attachment":[{"href":"https:\/\/wdc2024.org\/es\/wp-json\/wp\/v2\/media?parent=919"}],"curies":[{"name":"wp","href":"https:\/\/api.w.org\/{rel}","templated":true}]}}