{"id":625,"date":"2024-01-18T14:11:28","date_gmt":"2024-01-18T14:11:28","guid":{"rendered":"https:\/\/prdwdc.wpenginepowered.com\/es\/?page_id=625"},"modified":"2025-03-13T19:04:57","modified_gmt":"2025-03-13T19:04:57","slug":"partners","status":"publish","type":"page","link":"https:\/\/wdc2024.org\/es\/partners\/","title":{"rendered":"Socios y Patrocinadores"},"content":{"rendered":"","protected":false},"excerpt":{"rendered":"","protected":false},"author":2,"featured_media":627,"parent":0,"menu_order":0,"comment_status":"closed","ping_status":"closed","template":"","meta":{"inline_featured_image":false,"footnotes":""},"class_list":["post-625","page","type-page","status-publish","has-post-thumbnail","hentry","template-default","brick-blurb-image","brick-hero-dark","brick-partners"],"acf":[],"yoast_head":"<!-- This site is optimized with the Yoast SEO Premium plugin v22.1 (Yoast SEO v22.1) - https:\/\/yoast.com\/wordpress\/plugins\/seo\/ -->\n<title>Socios y Patrocinadores - WDC2024 ES<\/title>\n<meta name=\"description\" content=\"Juntos, estamos trabajando en la creaci\u00f3n de un mejor futuro. La Capital Mundial del Dise\u00f1o San Diego Tijuana 2024 se enorgullece de presentar un a\u00f1o repleto de programas, exposiciones y eventos de clase mundial, gracias al apoyo de nuestros colaboradores\" \/>\n<meta name=\"robots\" content=\"index, follow, max-snippet:-1, max-image-preview:large, max-video-preview:-1\" \/>\n<link rel=\"canonical\" href=\"https:\/\/wdc2024.org\/es\/partners\/\" \/>\n<meta property=\"og:locale\" content=\"es_MX\" \/>\n<meta property=\"og:type\" content=\"article\" \/>\n<meta property=\"og:title\" content=\"Socios y Patrocinadores - WDC2024 ES\" \/>\n<meta property=\"og:description\" content=\"Juntos, estamos trabajando en la creaci\u00f3n de un mejor futuro. La Capital Mundial del Dise\u00f1o San Diego Tijuana 2024 se enorgullece de presentar un a\u00f1o repleto de programas, exposiciones y eventos de clase mundial, gracias al apoyo de nuestros colaboradores\" \/>\n<meta property=\"og:url\" content=\"https:\/\/wdc2024.org\/es\/partners\/\" \/>\n<meta property=\"og:site_name\" content=\"WDC2024 ES\" \/>\n<meta property=\"article:modified_time\" content=\"2025-03-13T19:04:57+00:00\" \/>\n<meta property=\"og:image\" content=\"https:\/\/wdc2024.org\/es\/wp-content\/uploads\/sites\/2\/2024\/01\/KatieGardnerPhoto-160.jpg\" \/>\n\t<meta property=\"og:image:width\" content=\"2048\" \/>\n\t<meta property=\"og:image:height\" content=\"1366\" \/>\n\t<meta property=\"og:image:type\" content=\"image\/jpeg\" \/>\n<meta name=\"twitter:card\" content=\"summary_large_image\" \/>\n<meta name=\"twitter:title\" content=\"Socios y Patrocinadores - WDC2024 ES\" \/>\n<meta name=\"twitter:description\" content=\"Juntos, estamos trabajando en la creaci\u00f3n de un mejor futuro. La Capital Mundial del Dise\u00f1o San Diego Tijuana 2024 se enorgullece de presentar un a\u00f1o repleto de programas, exposiciones y eventos de clase mundial, gracias al apoyo de nuestros colaboradores\" \/>\n<meta name=\"twitter:label1\" content=\"Tiempo de lectura\" \/>\n\t<meta name=\"twitter:data1\" content=\"1 minuto\" \/>\n<script type=\"application\/ld+json\" class=\"yoast-schema-graph\">{\"@context\":\"https:\/\/schema.org\",\"@graph\":[{\"@type\":\"WebPage\",\"@id\":\"https:\/\/wdc2024.org\/es\/partners\/\",\"url\":\"https:\/\/wdc2024.org\/es\/partners\/\",\"name\":\"Socios y Patrocinadores - WDC2024 ES\",\"isPartOf\":{\"@id\":\"https:\/\/wdc2024.org\/es\/#website\"},\"datePublished\":\"2024-01-18T14:11:28+00:00\",\"dateModified\":\"2025-03-13T19:04:57+00:00\",\"description\":\"Juntos, estamos trabajando en la creaci\u00f3n de un mejor futuro. La Capital Mundial del Dise\u00f1o San Diego Tijuana 2024 se enorgullece de presentar un a\u00f1o repleto de programas, exposiciones y eventos de clase mundial, gracias al apoyo de nuestros colaboradores\",\"breadcrumb\":{\"@id\":\"https:\/\/wdc2024.org\/es\/partners\/#breadcrumb\"},\"inLanguage\":\"es-MX\",\"potentialAction\":[{\"@type\":\"ReadAction\",\"target\":[\"https:\/\/wdc2024.org\/es\/partners\/\"]}]},{\"@type\":\"BreadcrumbList\",\"@id\":\"https:\/\/wdc2024.org\/es\/partners\/#breadcrumb\",\"itemListElement\":[{\"@type\":\"ListItem\",\"position\":1,\"name\":\"Home\",\"item\":\"https:\/\/wdc2024.org\/es\/\"},{\"@type\":\"ListItem\",\"position\":2,\"name\":\"Socios y Patrocinadores\"}]},{\"@type\":\"WebSite\",\"@id\":\"https:\/\/wdc2024.org\/es\/#website\",\"url\":\"https:\/\/wdc2024.org\/es\/\",\"name\":\"WDC2024 ES\",\"description\":\"Your SUPER-powered WP Engine Site\",\"potentialAction\":[{\"@type\":\"SearchAction\",\"target\":{\"@type\":\"EntryPoint\",\"urlTemplate\":\"https:\/\/wdc2024.org\/es\/?s={search_term_string}\"},\"query-input\":\"required name=search_term_string\"}],\"inLanguage\":\"es-MX\"}]}<\/script>\n<!-- \/ Yoast SEO Premium plugin. -->","yoast_head_json":{"title":"Socios y Patrocinadores - WDC2024 ES","description":"Juntos, estamos trabajando en la creaci\u00f3n de un mejor futuro. La Capital Mundial del Dise\u00f1o San Diego Tijuana 2024 se enorgullece de presentar un a\u00f1o repleto de programas, exposiciones y eventos de clase mundial, gracias al apoyo de nuestros colaboradores","robots":{"index":"index","follow":"follow","max-snippet":"max-snippet:-1","max-image-preview":"max-image-preview:large","max-video-preview":"max-video-preview:-1"},"canonical":"https:\/\/wdc2024.org\/es\/partners\/","og_locale":"es_MX","og_type":"article","og_title":"Socios y Patrocinadores - WDC2024 ES","og_description":"Juntos, estamos trabajando en la creaci\u00f3n de un mejor futuro. La Capital Mundial del Dise\u00f1o San Diego Tijuana 2024 se enorgullece de presentar un a\u00f1o repleto de programas, exposiciones y eventos de clase mundial, gracias al apoyo de nuestros colaboradores","og_url":"https:\/\/wdc2024.org\/es\/partners\/","og_site_name":"WDC2024 ES","article_modified_time":"2025-03-13T19:04:57+00:00","og_image":[{"width":2048,"height":1366,"url":"https:\/\/wdc2024.org\/es\/wp-content\/uploads\/sites\/2\/2024\/01\/KatieGardnerPhoto-160.jpg","type":"image\/jpeg"}],"twitter_card":"summary_large_image","twitter_title":"Socios y Patrocinadores - WDC2024 ES","twitter_description":"Juntos, estamos trabajando en la creaci\u00f3n de un mejor futuro. La Capital Mundial del Dise\u00f1o San Diego Tijuana 2024 se enorgullece de presentar un a\u00f1o repleto de programas, exposiciones y eventos de clase mundial, gracias al apoyo de nuestros colaboradores","twitter_misc":{"Tiempo de lectura":"1 minuto"},"schema":{"@context":"https:\/\/schema.org","@graph":[{"@type":"WebPage","@id":"https:\/\/wdc2024.org\/es\/partners\/","url":"https:\/\/wdc2024.org\/es\/partners\/","name":"Socios y Patrocinadores - WDC2024 ES","isPartOf":{"@id":"https:\/\/wdc2024.org\/es\/#website"},"datePublished":"2024-01-18T14:11:28+00:00","dateModified":"2025-03-13T19:04:57+00:00","description":"Juntos, estamos trabajando en la creaci\u00f3n de un mejor futuro. La Capital Mundial del Dise\u00f1o San Diego Tijuana 2024 se enorgullece de presentar un a\u00f1o repleto de programas, exposiciones y eventos de clase mundial, gracias al apoyo de nuestros colaboradores","breadcrumb":{"@id":"https:\/\/wdc2024.org\/es\/partners\/#breadcrumb"},"inLanguage":"es-MX","potentialAction":[{"@type":"ReadAction","target":["https:\/\/wdc2024.org\/es\/partners\/"]}]},{"@type":"BreadcrumbList","@id":"https:\/\/wdc2024.org\/es\/partners\/#breadcrumb","itemListElement":[{"@type":"ListItem","position":1,"name":"Home","item":"https:\/\/wdc2024.org\/es\/"},{"@type":"ListItem","position":2,"name":"Socios y Patrocinadores"}]},{"@type":"WebSite","@id":"https:\/\/wdc2024.org\/es\/#website","url":"https:\/\/wdc2024.org\/es\/","name":"WDC2024 ES","description":"Your SUPER-powered WP Engine Site","potentialAction":[{"@type":"SearchAction","target":{"@type":"EntryPoint","urlTemplate":"https:\/\/wdc2024.org\/es\/?s={search_term_string}"},"query-input":"required name=search_term_string"}],"inLanguage":"es-MX"}]}},"_links":{"self":[{"href":"https:\/\/wdc2024.org\/es\/wp-json\/wp\/v2\/pages\/625"}],"collection":[{"href":"https:\/\/wdc2024.org\/es\/wp-json\/wp\/v2\/pages"}],"about":[{"href":"https:\/\/wdc2024.org\/es\/wp-json\/wp\/v2\/types\/page"}],"author":[{"embeddable":true,"href":"https:\/\/wdc2024.org\/es\/wp-json\/wp\/v2\/users\/2"}],"replies":[{"embeddable":true,"href":"https:\/\/wdc2024.org\/es\/wp-json\/wp\/v2\/comments?post=625"}],"version-history":[{"count":0,"href":"https:\/\/wdc2024.org\/es\/wp-json\/wp\/v2\/pages\/625\/revisions"}],"wp:featuredmedia":[{"embeddable":true,"href":"https:\/\/wdc2024.org\/es\/wp-json\/wp\/v2\/media\/627"}],"wp:attachment":[{"href":"https:\/\/wdc2024.org\/es\/wp-json\/wp\/v2\/media?parent=625"}],"curies":[{"name":"wp","href":"https:\/\/api.w.org\/{rel}","templated":true}]}}