{"id":1412,"date":"2024-06-13T17:15:47","date_gmt":"2024-06-13T17:15:47","guid":{"rendered":"https:\/\/wdc2024.org\/es\/?page_id=1412"},"modified":"2024-06-13T17:16:42","modified_gmt":"2024-06-13T17:16:42","slug":"wdc-2024-club","status":"publish","type":"page","link":"https:\/\/wdc2024.org\/es\/wdc-2024-club\/","title":{"rendered":"WDC 2024 Club"},"content":{"rendered":"","protected":false},"excerpt":{"rendered":"","protected":false},"author":11,"featured_media":1413,"parent":0,"menu_order":0,"comment_status":"closed","ping_status":"closed","template":"","meta":{"inline_featured_image":false,"footnotes":""},"class_list":["post-1412","page","type-page","status-publish","has-post-thumbnail","hentry","template-default","brick-columns","brick-events-accordion","brick-hero-dark"],"acf":[],"yoast_head":"<!-- This site is optimized with the Yoast SEO Premium plugin v22.1 (Yoast SEO v22.1) - https:\/\/yoast.com\/wordpress\/plugins\/seo\/ -->\n<title>WDC 2024 Club - An Inclusive Community<\/title>\n<meta name=\"description\" content=\"El Club WDC 2024, una comunidad inclusiva para j\u00f3venes de diversos or\u00edgenes, que conecta aspiraciones con iniciativas para lograr un impacto duradero. Juntos, dise\u00f1emos un futuro que refleje el esp\u00edritu de nuestra regi\u00f3n.\" \/>\n<meta name=\"robots\" content=\"index, follow, max-snippet:-1, max-image-preview:large, max-video-preview:-1\" \/>\n<link rel=\"canonical\" href=\"https:\/\/wdc2024.org\/es\/wdc-2024-club\/\" \/>\n<meta property=\"og:locale\" content=\"es_MX\" \/>\n<meta property=\"og:type\" content=\"article\" \/>\n<meta property=\"og:title\" content=\"WDC 2024 Club - An Inclusive Community\" \/>\n<meta property=\"og:description\" content=\"El Club WDC 2024, una comunidad inclusiva para j\u00f3venes de diversos or\u00edgenes, que conecta aspiraciones con iniciativas para lograr un impacto duradero. Juntos, dise\u00f1emos un futuro que refleje el esp\u00edritu de nuestra regi\u00f3n.\" \/>\n<meta property=\"og:url\" content=\"https:\/\/wdc2024.org\/es\/wdc-2024-club\/\" \/>\n<meta property=\"og:site_name\" content=\"WDC2024 ES\" \/>\n<meta property=\"article:modified_time\" content=\"2024-06-13T17:16:42+00:00\" \/>\n<meta name=\"twitter:card\" content=\"summary_large_image\" \/>\n<meta name=\"twitter:title\" content=\"WDC 2024 Club - An Inclusive Community\" \/>\n<meta name=\"twitter:description\" content=\"El Club WDC 2024, una comunidad inclusiva para j\u00f3venes de diversos or\u00edgenes, que conecta aspiraciones con iniciativas para lograr un impacto duradero. Juntos, dise\u00f1emos un futuro que refleje el esp\u00edritu de nuestra regi\u00f3n.\" \/>\n<meta name=\"twitter:label1\" content=\"Tiempo de lectura\" \/>\n\t<meta name=\"twitter:data1\" content=\"1 minuto\" \/>\n<script type=\"application\/ld+json\" class=\"yoast-schema-graph\">{\"@context\":\"https:\/\/schema.org\",\"@graph\":[{\"@type\":\"WebPage\",\"@id\":\"https:\/\/wdc2024.org\/es\/wdc-2024-club\/\",\"url\":\"https:\/\/wdc2024.org\/es\/wdc-2024-club\/\",\"name\":\"WDC 2024 Club - An Inclusive Community\",\"isPartOf\":{\"@id\":\"https:\/\/wdc2024.org\/es\/#website\"},\"datePublished\":\"2024-06-13T17:15:47+00:00\",\"dateModified\":\"2024-06-13T17:16:42+00:00\",\"description\":\"El Club WDC 2024, una comunidad inclusiva para j\u00f3venes de diversos or\u00edgenes, que conecta aspiraciones con iniciativas para lograr un impacto duradero. Juntos, dise\u00f1emos un futuro que refleje el esp\u00edritu de nuestra regi\u00f3n.\",\"breadcrumb\":{\"@id\":\"https:\/\/wdc2024.org\/es\/wdc-2024-club\/#breadcrumb\"},\"inLanguage\":\"es-MX\",\"potentialAction\":[{\"@type\":\"ReadAction\",\"target\":[\"https:\/\/wdc2024.org\/es\/wdc-2024-club\/\"]}]},{\"@type\":\"BreadcrumbList\",\"@id\":\"https:\/\/wdc2024.org\/es\/wdc-2024-club\/#breadcrumb\",\"itemListElement\":[{\"@type\":\"ListItem\",\"position\":1,\"name\":\"Home\",\"item\":\"https:\/\/wdc2024.org\/es\/\"},{\"@type\":\"ListItem\",\"position\":2,\"name\":\"WDC 2024 Club\"}]},{\"@type\":\"WebSite\",\"@id\":\"https:\/\/wdc2024.org\/es\/#website\",\"url\":\"https:\/\/wdc2024.org\/es\/\",\"name\":\"WDC2024 ES\",\"description\":\"Your SUPER-powered WP Engine Site\",\"potentialAction\":[{\"@type\":\"SearchAction\",\"target\":{\"@type\":\"EntryPoint\",\"urlTemplate\":\"https:\/\/wdc2024.org\/es\/?s={search_term_string}\"},\"query-input\":\"required name=search_term_string\"}],\"inLanguage\":\"es-MX\"}]}<\/script>\n<!-- \/ Yoast SEO Premium plugin. -->","yoast_head_json":{"title":"WDC 2024 Club - An Inclusive Community","description":"El Club WDC 2024, una comunidad inclusiva para j\u00f3venes de diversos or\u00edgenes, que conecta aspiraciones con iniciativas para lograr un impacto duradero. Juntos, dise\u00f1emos un futuro que refleje el esp\u00edritu de nuestra regi\u00f3n.","robots":{"index":"index","follow":"follow","max-snippet":"max-snippet:-1","max-image-preview":"max-image-preview:large","max-video-preview":"max-video-preview:-1"},"canonical":"https:\/\/wdc2024.org\/es\/wdc-2024-club\/","og_locale":"es_MX","og_type":"article","og_title":"WDC 2024 Club - An Inclusive Community","og_description":"El Club WDC 2024, una comunidad inclusiva para j\u00f3venes de diversos or\u00edgenes, que conecta aspiraciones con iniciativas para lograr un impacto duradero. Juntos, dise\u00f1emos un futuro que refleje el esp\u00edritu de nuestra regi\u00f3n.","og_url":"https:\/\/wdc2024.org\/es\/wdc-2024-club\/","og_site_name":"WDC2024 ES","article_modified_time":"2024-06-13T17:16:42+00:00","twitter_card":"summary_large_image","twitter_title":"WDC 2024 Club - An Inclusive Community","twitter_description":"El Club WDC 2024, una comunidad inclusiva para j\u00f3venes de diversos or\u00edgenes, que conecta aspiraciones con iniciativas para lograr un impacto duradero. Juntos, dise\u00f1emos un futuro que refleje el esp\u00edritu de nuestra regi\u00f3n.","twitter_misc":{"Tiempo de lectura":"1 minuto"},"schema":{"@context":"https:\/\/schema.org","@graph":[{"@type":"WebPage","@id":"https:\/\/wdc2024.org\/es\/wdc-2024-club\/","url":"https:\/\/wdc2024.org\/es\/wdc-2024-club\/","name":"WDC 2024 Club - An Inclusive Community","isPartOf":{"@id":"https:\/\/wdc2024.org\/es\/#website"},"datePublished":"2024-06-13T17:15:47+00:00","dateModified":"2024-06-13T17:16:42+00:00","description":"El Club WDC 2024, una comunidad inclusiva para j\u00f3venes de diversos or\u00edgenes, que conecta aspiraciones con iniciativas para lograr un impacto duradero. Juntos, dise\u00f1emos un futuro que refleje el esp\u00edritu de nuestra regi\u00f3n.","breadcrumb":{"@id":"https:\/\/wdc2024.org\/es\/wdc-2024-club\/#breadcrumb"},"inLanguage":"es-MX","potentialAction":[{"@type":"ReadAction","target":["https:\/\/wdc2024.org\/es\/wdc-2024-club\/"]}]},{"@type":"BreadcrumbList","@id":"https:\/\/wdc2024.org\/es\/wdc-2024-club\/#breadcrumb","itemListElement":[{"@type":"ListItem","position":1,"name":"Home","item":"https:\/\/wdc2024.org\/es\/"},{"@type":"ListItem","position":2,"name":"WDC 2024 Club"}]},{"@type":"WebSite","@id":"https:\/\/wdc2024.org\/es\/#website","url":"https:\/\/wdc2024.org\/es\/","name":"WDC2024 ES","description":"Your SUPER-powered WP Engine Site","potentialAction":[{"@type":"SearchAction","target":{"@type":"EntryPoint","urlTemplate":"https:\/\/wdc2024.org\/es\/?s={search_term_string}"},"query-input":"required name=search_term_string"}],"inLanguage":"es-MX"}]}},"_links":{"self":[{"href":"https:\/\/wdc2024.org\/es\/wp-json\/wp\/v2\/pages\/1412"}],"collection":[{"href":"https:\/\/wdc2024.org\/es\/wp-json\/wp\/v2\/pages"}],"about":[{"href":"https:\/\/wdc2024.org\/es\/wp-json\/wp\/v2\/types\/page"}],"author":[{"embeddable":true,"href":"https:\/\/wdc2024.org\/es\/wp-json\/wp\/v2\/users\/11"}],"replies":[{"embeddable":true,"href":"https:\/\/wdc2024.org\/es\/wp-json\/wp\/v2\/comments?post=1412"}],"version-history":[{"count":0,"href":"https:\/\/wdc2024.org\/es\/wp-json\/wp\/v2\/pages\/1412\/revisions"}],"wp:featuredmedia":[{"embeddable":true,"href":"https:\/\/wdc2024.org\/es\/wp-json\/wp\/v2\/media\/1413"}],"wp:attachment":[{"href":"https:\/\/wdc2024.org\/es\/wp-json\/wp\/v2\/media?parent=1412"}],"curies":[{"name":"wp","href":"https:\/\/api.w.org\/{rel}","templated":true}]}}